{"id":10731,"date":"2025-03-21T16:47:25","date_gmt":"2025-03-21T16:47:25","guid":{"rendered":"https:\/\/dev.grupago.pl\/?page_id=10731"},"modified":"2025-03-21T18:20:03","modified_gmt":"2025-03-21T18:20:03","slug":"faq","status":"publish","type":"page","link":"https:\/\/borowka.pl\/en\/faq\/","title":{"rendered":"Frequently Asked Questions"},"content":{"rendered":"<div data-elementor-type=\"wp-page\" data-elementor-id=\"10731\" class=\"elementor elementor-10731\">\n\t\t\t\t<div class=\"elementor-element elementor-element-71021b4 e-flex e-con-boxed e-con e-parent\" data-id=\"71021b4\" data-element_type=\"container\">\n\t\t\t\t\t<div class=\"e-con-inner\">\n\t\t\t\t<div class=\"elementor-element elementor-element-0f6cc1f elementor-widget elementor-widget-lawnella-faqs-v1\" data-id=\"0f6cc1f\" data-element_type=\"widget\" data-widget_type=\"lawnella-faqs-v1.default\">\n\t\t\t\t<div class=\"elementor-widget-container\">\n\t\t\t\t\t<div class=\"faqs_accordion\">\r\n    <div class=\"accordion\">\r\n        <div class=\"article-title trans\">\r\n        <div class=\"font-20 trans\">How to maintain the correct pH level? I irrigate with well water, which has a pH of 6.5. In the plantation, the soil pH is between 5.5 and 6. Under the bushes, I use acidic peat and pine sawdust for mulching. The oldest bushes are 4 years old, and the youngest are 1 year old. Every year, I expand the plantation by 20\u201330 new plants. How can I maintain the proper pH level?<\/div>\r\n        <\/div>\r\n        <div class=\"accordion-content\">\r\n        The water is actually quite good \u2014 well water typically has a pH of around 7.2. A simple method for acidifying the soil is to apply powdered sulfur at a rate of 1.5 kg per 100 m\u00b2 (1 are), 3 to 4 times a year \u2014 for example, in March, May, August, and October. The sulfur should be spread evenly over the entire surface. Please **do NOT** apply it in a handful directly under the plant.         <\/div>\r\n    <\/div>\r\n        <div class=\"accordion\">\r\n        <div class=\"article-title trans\">\r\n        <div class=\"font-20 trans\">How to save the bushes from grubs? Last year they damaged almost 20% of the crop. I applied the product Laevanem in August, but I\u2019m not sure how effective it was. I'm wondering if laying agrotextile between the rows is a good method, since, for example, starlings have no way to assist in controlling the grubs. Please provide a method for dealing with these pests.<\/div>\r\n        <\/div>\r\n        <div class=\"accordion-content\">\r\n        Grubs are difficult to control. The use of Larvanem should be repeated every season, ideally by watering both the plants and the surrounding area. Starlings are not very effective\u2014they can't reach the grubs. Moles are actually more helpful, although for some reason everyone wants to get rid of them.         <\/div>\r\n    <\/div>\r\n        <div class=\"accordion\">\r\n        <div class=\"article-title trans\">\r\n        <div class=\"font-20 trans\">What should be the thickness of the peat\u2013sawdust\u2013bark mixture layer under the bush, not including the preparation of the soil at the proper depth? Thank you and best regards.<\/div>\r\n        <\/div>\r\n        <div class=\"accordion-content\">\r\n        The absolute minimum is 30 cm, with 50 cm being optimal.        <\/div>\r\n    <\/div>\r\n        <div class=\"accordion\">\r\n        <div class=\"article-title trans\">\r\n        <div class=\"font-20 trans\">Is it advisable to acidify the soil for blueberries using diluted nitric acid? If so, during what period and at what concentration?<\/div>\r\n        <\/div>\r\n        <div class=\"accordion-content\">\r\n        First, a warning: nitric acid is dangerous! Yes, it can be used to acidify water. However, it\u2019s not possible to say exactly how much acid is needed \u2014 it depends on the mineral content (salts) in the water. The required amount must be determined by carefully adding drops of acid to, for example, a 10-liter bucket of water.         <\/div>\r\n    <\/div>\r\n        <div class=\"accordion\">\r\n        <div class=\"article-title trans\">\r\n        <div class=\"font-20 trans\">This year, I purchased several-year-old highbush blueberry bushes. They are about 1.5 meters tall and were dug directly from a plantation with a root ball (on average, about 25\u201330 cm in diameter). The bushes are currently in the flowering stage and, in my opinion, have established themselves very well. The planting holes were twice as wide as the root ball. We also applied fertilizer for blueberries and are watering regularly.\n\nNow, my question is: a farmer friend of mine said that after transplanting such large bushes with trimmed roots, all flowers should be removed during this season \u2014 meaning no fruit should be allowed to develop \u2014 so the bush can regenerate. He claims that if we don\u2019t do this, the bushes might dry out in the following season. Is that really true? It would be a shame to lose such a promising crop, as the bushes look very healthy and there seems to be a lot of fruit coming. <\/div>\r\n        <\/div>\r\n        <div class=\"accordion-content\">\r\n        He\u2019s absolutely right \u2014 but that\u2019s not the whole story. If the bushes have 1.5-meter-long shoots and a root system only the size of a bucket, that means only about 30% of the roots remain. In that case, **not only should you remove the flowers**, but you also need to **reduce both the number and length of shoots**, leaving at most **50% of the above-ground growth**.\n\nThis year will be a battle for the bushes to establish themselves \u2014 you should forget about any fruit this season. Saying that the bushes have already taken root is **quite premature**. They simply haven\u2019t had enough time to rebuild their root systems. You\u2019ll only be able to talk about successful establishment **by autumn at the earliest**.        <\/div>\r\n    <\/div>\r\n        <div class=\"accordion\">\r\n        <div class=\"article-title trans\">\r\n        <div class=\"font-20 trans\">Good morning,\nI have a problem with my blueberries \u2014 the bushes were blooming beautifully, but now some of the leaves are drying out, entire branches are withering, and the plants are deteriorating. <\/div>\r\n        <\/div>\r\n        <div class=\"accordion-content\">\r\n        poczta@borowka.pl \u2013 Please send some photos and a description of what has been done (fertilization, chemical protection, etc.).\nAt this stage, it's a bit like calling a doctor and saying: \u201cI\u2019m sick, please prescribe me something\u201d \u2014 we need more details to help properly.        <\/div>\r\n    <\/div>\r\n        <div class=\"accordion\">\r\n        <div class=\"article-title trans\">\r\n        <div class=\"font-20 trans\">Good morning,  \nI\u2019ve had a blueberry plantation for many years, and until now, there have been no problems. This year, however, there has been an infestation of scale insects. I purchased SilTac EC and have been spraying the blueberries with it. Is this a good product, or should I be using a different insecticide? If so, I would appreciate the name.  \nI\u2019m also interested in how I can tell if the scale insects are responding to the treatment.  \nThank you in advance for your response.  \nBest regards,  \nAnna<\/div>\r\n        <\/div>\r\n        <div class=\"accordion-content\">\r\n        SilTac EC is a product designed to mechanically block the larvae that emerge from eggs in the spring. At this point, it's a bit late for effective chemical control. After the harvest, scale insects can be controlled, for example, with **Movento**.  \n\nThe effectiveness of the spray can be observed by the disappearance of live insects.        <\/div>\r\n    <\/div>\r\n        <div class=\"accordion\">\r\n        <div class=\"article-title trans\">\r\n        <div class=\"font-20 trans\">Good morning,  \nI have a question about watering. I use well water, and after measuring the pH, it shows 7.5. I know it should be around 5\u20135.5. I have 30 blueberry bushes and plan to water them generously. My question is simple: **what\u2019s the best and easiest way to acidify the water**?\n\nIn spring, I want to acidify the water with **nitric acid**, and toward the end of summer with **phosphoric acid**, because according to the articles I've read, these acids are used for acidifying water on large plantations.  \nHowever, I also read that some people use **citric acid** or even **vinegar**.  \n\nWhich method would be best to safely acidify the water **without harming the blueberries**?<\/div>\r\n        <\/div>\r\n        <div class=\"accordion-content\">\r\n        With **nitric, sulfuric, or phosphoric acid**. Organic acids (like citric acid or vinegar) technically lower the pH of water, but in the soil, they are broken down by microorganisms \u2014 so the effect is practically negligible.  \n\nWhat matters most is **not just the starting pH**, but the **hardness of the water** \u2014 that determines how much acid is needed to lower the pH effectively.  \n\nOn average, you\u2019ll need around **100 to 200 ml of 55% nitric acid per 1000 liters of water**.        <\/div>\r\n    <\/div>\r\n     \r\n    <\/div>\r\n\t\t\t\t<\/div>\n\t\t\t\t<\/div>\n\t\t\t\t\t<\/div>\n\t\t\t\t<\/div>\n\t\t\t\t<\/div>","protected":false},"excerpt":{"rendered":"<p>Jak utrzyma prawid\u0142owy poziom PH Nawadniam woda ze studni gdzie PH wody to 6,5 w uprawie w granicach 5,5-6 ph pod krzewami jest wysykane torfem kwasnymi trocinami sosnowymi uprawa ta ma najstarsze krzewy 4 lata najm\u0142odsze krzewy 1 rok co roku powi\u0119kszam o 20-30szt .Jak utrzymac prawid\u0142owe PH ? Woda jest ca\u0142kiem niez\u0142a, zwykle w [&hellip;]<\/p>","protected":false},"author":1,"featured_media":0,"parent":0,"menu_order":0,"comment_status":"closed","ping_status":"closed","template":"elementor_header_footer","meta":{"footnotes":""},"class_list":["post-10731","page","type-page","status-publish","hentry"],"yoast_head":"<!-- This site is optimized with the Yoast SEO plugin v25.9 - https:\/\/yoast.com\/wordpress\/plugins\/seo\/ -->\n<title>Najcz\u0119stsze pytania - Z\u0142ota Jagoda<\/title>\n<meta name=\"robots\" content=\"index, follow, max-snippet:-1, max-image-preview:large, max-video-preview:-1\" \/>\n<link rel=\"canonical\" href=\"https:\/\/borowka.pl\/en\/faq\/\" \/>\n<meta property=\"og:locale\" content=\"en_GB\" \/>\n<meta property=\"og:type\" content=\"article\" \/>\n<meta property=\"og:title\" content=\"Najcz\u0119stsze pytania - Z\u0142ota Jagoda\" \/>\n<meta property=\"og:description\" content=\"Jak utrzyma prawid\u0142owy poziom PH Nawadniam woda ze studni gdzie PH wody to 6,5 w uprawie w granicach 5,5-6 ph pod krzewami jest wysykane torfem kwasnymi trocinami sosnowymi uprawa ta ma najstarsze krzewy 4 lata najm\u0142odsze krzewy 1 rok co roku powi\u0119kszam o 20-30szt .Jak utrzymac prawid\u0142owe PH ? Woda jest ca\u0142kiem niez\u0142a, zwykle w [&hellip;]\" \/>\n<meta property=\"og:url\" content=\"https:\/\/borowka.pl\/en\/faq\/\" \/>\n<meta property=\"og:site_name\" content=\"Z\u0142ota Jagoda\" \/>\n<meta property=\"article:modified_time\" content=\"2025-03-21T18:20:03+00:00\" \/>\n<meta name=\"twitter:card\" content=\"summary_large_image\" \/>\n<meta name=\"twitter:label1\" content=\"Estimated reading time\" \/>\n\t<meta name=\"twitter:data1\" content=\"4 minutes\" \/>\n<script type=\"application\/ld+json\" class=\"yoast-schema-graph\">{\"@context\":\"https:\/\/schema.org\",\"@graph\":[{\"@type\":\"WebPage\",\"@id\":\"https:\/\/borowka.pl\/faq\/\",\"url\":\"https:\/\/borowka.pl\/faq\/\",\"name\":\"Najcz\u0119stsze pytania - Z\u0142ota Jagoda\",\"isPartOf\":{\"@id\":\"https:\/\/borowka.pl\/#website\"},\"datePublished\":\"2025-03-21T16:47:25+00:00\",\"dateModified\":\"2025-03-21T18:20:03+00:00\",\"breadcrumb\":{\"@id\":\"https:\/\/borowka.pl\/faq\/#breadcrumb\"},\"inLanguage\":\"en-GB\",\"potentialAction\":[{\"@type\":\"ReadAction\",\"target\":[\"https:\/\/borowka.pl\/faq\/\"]}]},{\"@type\":\"BreadcrumbList\",\"@id\":\"https:\/\/borowka.pl\/faq\/#breadcrumb\",\"itemListElement\":[{\"@type\":\"ListItem\",\"position\":1,\"name\":\"Strona g\u0142\u00f3wna\",\"item\":\"https:\/\/borowka.pl\/\"},{\"@type\":\"ListItem\",\"position\":2,\"name\":\"Najcz\u0119stsze pytania\"}]},{\"@type\":\"WebSite\",\"@id\":\"https:\/\/borowka.pl\/#website\",\"url\":\"https:\/\/borowka.pl\/\",\"name\":\"Z\u0142ota Jagoda\",\"description\":\"Szk\u00f3\u0142ka drzew i krzew\u00f3w\",\"potentialAction\":[{\"@type\":\"SearchAction\",\"target\":{\"@type\":\"EntryPoint\",\"urlTemplate\":\"https:\/\/borowka.pl\/?s={search_term_string}\"},\"query-input\":{\"@type\":\"PropertyValueSpecification\",\"valueRequired\":true,\"valueName\":\"search_term_string\"}}],\"inLanguage\":\"en-GB\"}]}<\/script>\n<!-- \/ Yoast SEO plugin. -->","yoast_head_json":{"title":"Najcz\u0119stsze pytania - Z\u0142ota Jagoda","robots":{"index":"index","follow":"follow","max-snippet":"max-snippet:-1","max-image-preview":"max-image-preview:large","max-video-preview":"max-video-preview:-1"},"canonical":"https:\/\/borowka.pl\/en\/faq\/","og_locale":"en_GB","og_type":"article","og_title":"Najcz\u0119stsze pytania - Z\u0142ota Jagoda","og_description":"Jak utrzyma prawid\u0142owy poziom PH Nawadniam woda ze studni gdzie PH wody to 6,5 w uprawie w granicach 5,5-6 ph pod krzewami jest wysykane torfem kwasnymi trocinami sosnowymi uprawa ta ma najstarsze krzewy 4 lata najm\u0142odsze krzewy 1 rok co roku powi\u0119kszam o 20-30szt .Jak utrzymac prawid\u0142owe PH ? Woda jest ca\u0142kiem niez\u0142a, zwykle w [&hellip;]","og_url":"https:\/\/borowka.pl\/en\/faq\/","og_site_name":"Z\u0142ota Jagoda","article_modified_time":"2025-03-21T18:20:03+00:00","twitter_card":"summary_large_image","twitter_misc":{"Estimated reading time":"4 minutes"},"schema":{"@context":"https:\/\/schema.org","@graph":[{"@type":"WebPage","@id":"https:\/\/borowka.pl\/faq\/","url":"https:\/\/borowka.pl\/faq\/","name":"Najcz\u0119stsze pytania - Z\u0142ota Jagoda","isPartOf":{"@id":"https:\/\/borowka.pl\/#website"},"datePublished":"2025-03-21T16:47:25+00:00","dateModified":"2025-03-21T18:20:03+00:00","breadcrumb":{"@id":"https:\/\/borowka.pl\/faq\/#breadcrumb"},"inLanguage":"en-GB","potentialAction":[{"@type":"ReadAction","target":["https:\/\/borowka.pl\/faq\/"]}]},{"@type":"BreadcrumbList","@id":"https:\/\/borowka.pl\/faq\/#breadcrumb","itemListElement":[{"@type":"ListItem","position":1,"name":"Strona g\u0142\u00f3wna","item":"https:\/\/borowka.pl\/"},{"@type":"ListItem","position":2,"name":"Najcz\u0119stsze pytania"}]},{"@type":"WebSite","@id":"https:\/\/borowka.pl\/#website","url":"https:\/\/borowka.pl\/","name":"Z\u0142ota Jagoda","description":"Tree and shrub nursery","potentialAction":[{"@type":"SearchAction","target":{"@type":"EntryPoint","urlTemplate":"https:\/\/borowka.pl\/?s={search_term_string}"},"query-input":{"@type":"PropertyValueSpecification","valueRequired":true,"valueName":"search_term_string"}}],"inLanguage":"en-GB"}]}},"_links":{"self":[{"href":"https:\/\/borowka.pl\/en\/wp-json\/wp\/v2\/pages\/10731","targetHints":{"allow":["GET"]}}],"collection":[{"href":"https:\/\/borowka.pl\/en\/wp-json\/wp\/v2\/pages"}],"about":[{"href":"https:\/\/borowka.pl\/en\/wp-json\/wp\/v2\/types\/page"}],"author":[{"embeddable":true,"href":"https:\/\/borowka.pl\/en\/wp-json\/wp\/v2\/users\/1"}],"replies":[{"embeddable":true,"href":"https:\/\/borowka.pl\/en\/wp-json\/wp\/v2\/comments?post=10731"}],"version-history":[{"count":5,"href":"https:\/\/borowka.pl\/en\/wp-json\/wp\/v2\/pages\/10731\/revisions"}],"predecessor-version":[{"id":10736,"href":"https:\/\/borowka.pl\/en\/wp-json\/wp\/v2\/pages\/10731\/revisions\/10736"}],"wp:attachment":[{"href":"https:\/\/borowka.pl\/en\/wp-json\/wp\/v2\/media?parent=10731"}],"curies":[{"name":"wp","href":"https:\/\/api.w.org\/{rel}","templated":true}]}}