{"id":8821,"date":"2024-09-03T16:00:43","date_gmt":"2024-09-03T16:00:43","guid":{"rendered":"https:\/\/lawnshaper.themepanthers.com\/v1\/?page_id=8821"},"modified":"2025-03-20T15:44:21","modified_gmt":"2025-03-20T15:44:21","slug":"o-nas","status":"publish","type":"page","link":"https:\/\/borowka.pl\/en\/o-nas\/","title":{"rendered":"About us"},"content":{"rendered":"<div data-elementor-type=\"wp-page\" data-elementor-id=\"8821\" class=\"elementor elementor-8821\">\n\t\t\t\t<div class=\"elementor-element elementor-element-4b2f1d0 e-flex e-con-boxed e-con e-parent\" data-id=\"4b2f1d0\" data-element_type=\"container\" data-settings=\"{&quot;background_background&quot;:&quot;classic&quot;}\">\n\t\t\t\t\t<div class=\"e-con-inner\">\n\t\t<div class=\"elementor-element elementor-element-fdb8755 e-con-full e-flex e-con e-child\" data-id=\"fdb8755\" data-element_type=\"container\">\n\t\t\t\t<div class=\"elementor-element elementor-element-0936617 elementor-widget elementor-widget-image\" data-id=\"0936617\" data-element_type=\"widget\" data-widget_type=\"image.default\">\n\t\t\t\t<div class=\"elementor-widget-container\">\n\t\t\t\t\t\t\t\t\t\t\t\t\t\t\t<img fetchpriority=\"high\" decoding=\"async\" width=\"1024\" height=\"682\" src=\"https:\/\/borowka.pl\/wp-content\/uploads\/2025\/03\/blue-berries-4352156_1280-1024x682.jpg\" class=\"attachment-large size-large wp-image-10598\" alt=\"\" srcset=\"https:\/\/borowka.pl\/wp-content\/uploads\/2025\/03\/blue-berries-4352156_1280-1024x682.jpg 1024w, https:\/\/borowka.pl\/wp-content\/uploads\/2025\/03\/blue-berries-4352156_1280-300x200.jpg 300w, https:\/\/borowka.pl\/wp-content\/uploads\/2025\/03\/blue-berries-4352156_1280-768x512.jpg 768w, https:\/\/borowka.pl\/wp-content\/uploads\/2025\/03\/blue-berries-4352156_1280-600x400.jpg 600w, https:\/\/borowka.pl\/wp-content\/uploads\/2025\/03\/blue-berries-4352156_1280.jpg 1280w\" sizes=\"(max-width: 1024px) 100vw, 1024px\" \/>\t\t\t\t\t\t\t\t\t\t\t\t\t\t\t<\/div>\n\t\t\t\t<\/div>\n\t\t<div class=\"elementor-element elementor-element-012951e e-con-full elementor-hidden-tablet_extra elementor-hidden-tablet elementor-hidden-mobile_extra elementor-hidden-mobile e-flex e-con e-child\" data-id=\"012951e\" data-element_type=\"container\">\n\t\t<div class=\"elementor-element elementor-element-cc19558 e-con-full e-flex e-con e-child\" data-id=\"cc19558\" data-element_type=\"container\" data-settings=\"{&quot;background_background&quot;:&quot;classic&quot;}\">\n\t\t<div class=\"elementor-element elementor-element-b49be4f e-con-full e-flex e-con e-child\" data-id=\"b49be4f\" data-element_type=\"container\">\n\t\t\t\t<div class=\"elementor-element elementor-element-cf24d36 elementor-widget elementor-widget-trimprim-icon-box-widget-v1\" data-id=\"cf24d36\" data-element_type=\"widget\" data-widget_type=\"trimprim-icon-box-widget-v1.default\">\n\t\t\t\t<div class=\"elementor-widget-container\">\n\t\t\t\t\t                             <div class=\"icon-box-widget style_two trans d_flex align-items-center\"> \n             \n                                                                                                                <div class=\"icon\">\n                                <svg xmlns=\"http:\/\/www.w3.org\/2000\/svg\" xmlns:xlink=\"http:\/\/www.w3.org\/1999\/xlink\" id=\"Layer_1\" x=\"0px\" y=\"0px\" viewbox=\"0 0 512 512\" style=\"enable-background:new 0 0 512 512;\" xml:space=\"preserve\"><path style=\"fill:#167EE6;\" d=\"M492.668,211.489l-208.84-0.01c-9.222,0-16.697,7.474-16.697,16.696v66.715 c0,9.22,7.475,16.696,16.696,16.696h117.606c-12.878,33.421-36.914,61.41-67.58,79.194L384,477.589 c80.442-46.523,128-128.152,128-219.53c0-13.011-0.959-22.312-2.877-32.785C507.665,217.317,500.757,211.489,492.668,211.489z\"><\/path><path style=\"fill:#12B347;\" d=\"M256,411.826c-57.554,0-107.798-31.446-134.783-77.979l-86.806,50.034 C78.586,460.443,161.34,512,256,512c46.437,0,90.254-12.503,128-34.292v-0.119l-50.147-86.81 C310.915,404.083,284.371,411.826,256,411.826z\"><\/path><path style=\"fill:#0F993E;\" d=\"M384,477.708v-0.119l-50.147-86.81c-22.938,13.303-49.48,21.047-77.853,21.047V512 C302.437,512,346.256,499.497,384,477.708z\"><\/path><path style=\"fill:#FFD500;\" d=\"M100.174,256c0-28.369,7.742-54.91,21.043-77.847l-86.806-50.034C12.502,165.746,0,209.444,0,256 s12.502,90.254,34.411,127.881l86.806-50.034C107.916,310.91,100.174,284.369,100.174,256z\"><\/path><path style=\"fill:#FF4B26;\" d=\"M256,100.174c37.531,0,72.005,13.336,98.932,35.519c6.643,5.472,16.298,5.077,22.383-1.008 l47.27-47.27c6.904-6.904,6.412-18.205-0.963-24.603C378.507,23.673,319.807,0,256,0C161.34,0,78.586,51.557,34.411,128.119 l86.806,50.034C148.202,131.62,198.446,100.174,256,100.174z\"><\/path><path style=\"fill:#D93F21;\" d=\"M354.932,135.693c6.643,5.472,16.299,5.077,22.383-1.008l47.27-47.27 c6.903-6.904,6.411-18.205-0.963-24.603C378.507,23.672,319.807,0,256,0v100.174C293.53,100.174,328.005,113.51,354.932,135.693z\"><\/path><g><\/g><g><\/g><g><\/g><g><\/g><g><\/g><g><\/g><g><\/g><g><\/g><g><\/g><g><\/g><g><\/g><g><\/g><g><\/g><g><\/g><g><\/g><\/svg>                            <\/div>\n                                                         \n            <div class=\"content\"> \n                                                <div class=\"title font-20 color-dark mb_15\">Oceny<\/div>\n                                                                <p class=\"text-16 desc  mb_0\">Google<\/p>\n                 \n            <\/div>\n        <\/div>                                \t\t\t\t<\/div>\n\t\t\t\t<\/div>\n\t\t\t\t<\/div>\n\t\t<div class=\"elementor-element elementor-element-5e3d544 e-flex e-con-boxed e-con e-child\" data-id=\"5e3d544\" data-element_type=\"container\" data-settings=\"{&quot;background_background&quot;:&quot;classic&quot;}\">\n\t\t\t\t\t<div class=\"e-con-inner\">\n\t\t\t\t<div class=\"elementor-element elementor-element-cfba8ab elementor-widget elementor-widget-trimprim-icon-box-widget-v1\" data-id=\"cfba8ab\" data-element_type=\"widget\" data-widget_type=\"trimprim-icon-box-widget-v1.default\">\n\t\t\t\t<div class=\"elementor-widget-container\">\n\t\t\t\t\t                            <div class=\"icon-box-widget style_two trans d_flex align-items-center\"> \n             \n            <div class=\"content\"> \n                                                <div class=\"title font-20 color-dark mb_15\">4.7<\/div>\n                                             \n            <\/div>\n        <\/div>                                \t\t\t\t<\/div>\n\t\t\t\t<\/div>\n\t\t\t\t<div class=\"elementor-element elementor-element-69085df e-grid-align-left elementor-absolute elementor-shape-rounded elementor-grid-0 elementor-widget elementor-widget-social-icons\" data-id=\"69085df\" data-element_type=\"widget\" data-settings=\"{&quot;_position&quot;:&quot;absolute&quot;}\" data-widget_type=\"social-icons.default\">\n\t\t\t\t<div class=\"elementor-widget-container\">\n\t\t\t\t\t\t\t<div class=\"elementor-social-icons-wrapper elementor-grid\" role=\"list\">\n\t\t\t\t\t\t\t<span class=\"elementor-grid-item\" role=\"listitem\">\n\t\t\t\t\t<a class=\"elementor-icon elementor-social-icon elementor-social-icon-star elementor-repeater-item-ef8f341\" target=\"_blank\">\n\t\t\t\t\t\t<span class=\"elementor-screen-only\">Star<\/span>\n\t\t\t\t\t\t<svg aria-hidden=\"true\" class=\"e-font-icon-svg e-fas-star\" viewbox=\"0 0 576 512\" xmlns=\"http:\/\/www.w3.org\/2000\/svg\"><path d=\"M259.3 17.8L194 150.2 47.9 171.5c-26.2 3.8-36.7 36.1-17.7 54.6l105.7 103-25 145.5c-4.5 26.3 23.2 46 46.4 33.7L288 439.6l130.7 68.7c23.2 12.2 50.9-7.4 46.4-33.7l-25-145.5 105.7-103c19-18.5 8.5-50.8-17.7-54.6L382 150.2 316.7 17.8c-11.7-23.6-45.6-23.9-57.4 0z\"><\/path><\/svg>\t\t\t\t\t<\/a>\n\t\t\t\t<\/span>\n\t\t\t\t\t\t\t<span class=\"elementor-grid-item\" role=\"listitem\">\n\t\t\t\t\t<a class=\"elementor-icon elementor-social-icon elementor-social-icon-star elementor-repeater-item-50fa314\" target=\"_blank\">\n\t\t\t\t\t\t<span class=\"elementor-screen-only\">Star<\/span>\n\t\t\t\t\t\t<svg aria-hidden=\"true\" class=\"e-font-icon-svg e-fas-star\" viewbox=\"0 0 576 512\" xmlns=\"http:\/\/www.w3.org\/2000\/svg\"><path d=\"M259.3 17.8L194 150.2 47.9 171.5c-26.2 3.8-36.7 36.1-17.7 54.6l105.7 103-25 145.5c-4.5 26.3 23.2 46 46.4 33.7L288 439.6l130.7 68.7c23.2 12.2 50.9-7.4 46.4-33.7l-25-145.5 105.7-103c19-18.5 8.5-50.8-17.7-54.6L382 150.2 316.7 17.8c-11.7-23.6-45.6-23.9-57.4 0z\"><\/path><\/svg>\t\t\t\t\t<\/a>\n\t\t\t\t<\/span>\n\t\t\t\t\t\t\t<span class=\"elementor-grid-item\" role=\"listitem\">\n\t\t\t\t\t<a class=\"elementor-icon elementor-social-icon elementor-social-icon-star elementor-repeater-item-b652ccf\" target=\"_blank\">\n\t\t\t\t\t\t<span class=\"elementor-screen-only\">Star<\/span>\n\t\t\t\t\t\t<svg aria-hidden=\"true\" class=\"e-font-icon-svg e-fas-star\" viewbox=\"0 0 576 512\" xmlns=\"http:\/\/www.w3.org\/2000\/svg\"><path d=\"M259.3 17.8L194 150.2 47.9 171.5c-26.2 3.8-36.7 36.1-17.7 54.6l105.7 103-25 145.5c-4.5 26.3 23.2 46 46.4 33.7L288 439.6l130.7 68.7c23.2 12.2 50.9-7.4 46.4-33.7l-25-145.5 105.7-103c19-18.5 8.5-50.8-17.7-54.6L382 150.2 316.7 17.8c-11.7-23.6-45.6-23.9-57.4 0z\"><\/path><\/svg>\t\t\t\t\t<\/a>\n\t\t\t\t<\/span>\n\t\t\t\t\t\t\t<span class=\"elementor-grid-item\" role=\"listitem\">\n\t\t\t\t\t<a class=\"elementor-icon elementor-social-icon elementor-social-icon-star elementor-repeater-item-c635c5f\" target=\"_blank\">\n\t\t\t\t\t\t<span class=\"elementor-screen-only\">Star<\/span>\n\t\t\t\t\t\t<svg aria-hidden=\"true\" class=\"e-font-icon-svg e-fas-star\" viewbox=\"0 0 576 512\" xmlns=\"http:\/\/www.w3.org\/2000\/svg\"><path d=\"M259.3 17.8L194 150.2 47.9 171.5c-26.2 3.8-36.7 36.1-17.7 54.6l105.7 103-25 145.5c-4.5 26.3 23.2 46 46.4 33.7L288 439.6l130.7 68.7c23.2 12.2 50.9-7.4 46.4-33.7l-25-145.5 105.7-103c19-18.5 8.5-50.8-17.7-54.6L382 150.2 316.7 17.8c-11.7-23.6-45.6-23.9-57.4 0z\"><\/path><\/svg>\t\t\t\t\t<\/a>\n\t\t\t\t<\/span>\n\t\t\t\t\t\t\t<span class=\"elementor-grid-item\" role=\"listitem\">\n\t\t\t\t\t<a class=\"elementor-icon elementor-social-icon elementor-social-icon-star elementor-repeater-item-a70d66e\" target=\"_blank\">\n\t\t\t\t\t\t<span class=\"elementor-screen-only\">Star<\/span>\n\t\t\t\t\t\t<svg aria-hidden=\"true\" class=\"e-font-icon-svg e-fas-star\" viewbox=\"0 0 576 512\" xmlns=\"http:\/\/www.w3.org\/2000\/svg\"><path d=\"M259.3 17.8L194 150.2 47.9 171.5c-26.2 3.8-36.7 36.1-17.7 54.6l105.7 103-25 145.5c-4.5 26.3 23.2 46 46.4 33.7L288 439.6l130.7 68.7c23.2 12.2 50.9-7.4 46.4-33.7l-25-145.5 105.7-103c19-18.5 8.5-50.8-17.7-54.6L382 150.2 316.7 17.8c-11.7-23.6-45.6-23.9-57.4 0z\"><\/path><\/svg>\t\t\t\t\t<\/a>\n\t\t\t\t<\/span>\n\t\t\t\t\t<\/div>\n\t\t\t\t\t\t<\/div>\n\t\t\t\t<\/div>\n\t\t\t\t\t<\/div>\n\t\t\t\t<\/div>\n\t\t\t\t<\/div>\n\t\t\t\t<\/div>\n\t\t\t\t<\/div>\n\t\t<div class=\"elementor-element elementor-element-efa1429 e-con-full e-flex e-con e-child\" data-id=\"efa1429\" data-element_type=\"container\">\n\t\t\t\t<div class=\"elementor-element elementor-element-937efa2 elementor-widget elementor-widget-trimprim-title-v1\" data-id=\"937efa2\" data-element_type=\"widget\" data-widget_type=\"trimprim-title-v1.default\">\n\t\t\t\t<div class=\"elementor-widget-container\">\n\t\t\t\t\t \r\n<div class=\"title_all_box d_flex style_one dark_color\">\r\n            <div class=\"sub_title\">\r\n        <div class=\"font-16 d_flex  mb_15\"> \r\n                                                <div class=\"icon\">\r\n                    <span class=\"trimprim-clover\"><\/span>\r\n                <\/div>\r\n                             \r\n           <div> Tree and shrub nursery <\/div>\r\n        <\/div>\r\n        <\/div>\r\n                <h2 class=\"font-48 animated-title mb_15\">Z\u0141OTA JAGODA<\/h2>\r\n                    <p class=\"text-16 mb_0\">Pragniemy przedstawi\u0107 Pa\u0144stwu ofert\u0119 naszej Szk\u00f3\u0142ki zajmuj\u0105cej si\u0119 produkcj\u0105 ro\u015blin jagodowych. Sztandarowym produktem szk\u00f3\u0142ki jest bor\u00f3wka wysoka (ameryka\u0144ska), z rodzaju Vaccinium produkujemy jeszcze bor\u00f3wk\u0119 nisk\u0105 (kanadyjsk\u0105), \u017curawin\u0119 wielkoowocow\u0105 i bor\u00f3wk\u0119 brusznic\u0119. Z innych jagodowych: jagod\u0119 kamczack\u0105, winoro\u015bl, kiwi.<\/p>\r\n    <\/div>\r\n\t\t\t\t<\/div>\n\t\t\t\t<\/div>\n\t\t\t\t<div class=\"elementor-element elementor-element-a8f845a elementor-widget-divider--view-line elementor-widget elementor-widget-divider\" data-id=\"a8f845a\" data-element_type=\"widget\" data-widget_type=\"divider.default\">\n\t\t\t\t<div class=\"elementor-widget-container\">\n\t\t\t\t\t\t\t<div class=\"elementor-divider\">\n\t\t\t<span class=\"elementor-divider-separator\">\n\t\t\t\t\t\t<\/span>\n\t\t<\/div>\n\t\t\t\t\t\t<\/div>\n\t\t\t\t<\/div>\n\t\t\t\t<div class=\"elementor-element elementor-element-ecb4a8c elementor-widget elementor-widget-trimprim-icon-box-widget-v1\" data-id=\"ecb4a8c\" data-element_type=\"widget\" data-widget_type=\"trimprim-icon-box-widget-v1.default\">\n\t\t\t\t<div class=\"elementor-widget-container\">\n\t\t\t\t\t                            <div class=\"icon-box-widget style_six d_flex trans\">  \n             \n                                                                <div class=\"icon trans mb_10\">\n                            <span class=\"trimprim-plant-pot trans\"><\/span>\n                        <\/div>\n                                                     \n                            <div class=\"content\">\n                                                <div class=\"title font-22 color-dark mb_10\">\n                    \"Podwaliny szk\u00f3\u0142ki po\u0142o\u017cy\u0142 nasz prapra....;  Od ponad 30,50.... lat\" - tak zwykle zaczyna si\u0119 historia wielu szk\u00f3\u0142ek.  \n                    <\/div>\n                             \n                                    <p class=\"text-16 desc mb_0\">Szk\u00f3\u0142ka Z\u0142ota Jagoda jest m\u0142oda, ale mam nadziej\u0119, \u017ce kiedy\u015b moje dzieci i dzieci ich dzieci b\u0119d\u0105 m\u00f3wi\u0107: \"Ju\u017c nasz pradziadek....\". A na razie nasza szk\u00f3\u0142ka to przede wszystkim pasja, ch\u0119\u0107 odkrywania czego\u015b nowego.<\/p>\n                 \n                <\/div>\n        <\/div> \n                                \t\t\t\t<\/div>\n\t\t\t\t<\/div>\n\t\t\t\t<div class=\"elementor-element elementor-element-41663cc elementor-widget elementor-widget-trimprim-icon-box-widget-v1\" data-id=\"41663cc\" data-element_type=\"widget\" data-widget_type=\"trimprim-icon-box-widget-v1.default\">\n\t\t\t\t<div class=\"elementor-widget-container\">\n\t\t\t\t\t                            <div class=\"icon-box-widget style_six d_flex trans\">  \n             \n                                                                <div class=\"icon trans mb_10\">\n                            <span class=\"trimprim-Plant-Health-Care trans\"><\/span>\n                        <\/div>\n                                                     \n                            <div class=\"content\">\n                                                <div class=\"title font-22 color-dark mb_10\">\n                    Tym czym\u015b nowym przed 12 laty by\u0142a bor\u00f3wka wysoka, a \u017ce bor\u00f3wki garn\u0105 si\u0119 do lasu to i \u015bwie\u017co upieczony mgr in\u017c. le\u015bnictwa te\u017c je polubi\u0142. \n                    <\/div>\n                             \n                 \n                <\/div>\n        <\/div> \n                                \t\t\t\t<\/div>\n\t\t\t\t<\/div>\n\t\t\t\t<div class=\"elementor-element elementor-element-0c986d4 elementor-widget elementor-widget-trimprim-icon-box-widget-v1\" data-id=\"0c986d4\" data-element_type=\"widget\" data-widget_type=\"trimprim-icon-box-widget-v1.default\">\n\t\t\t\t<div class=\"elementor-widget-container\">\n\t\t\t\t\t                            <div class=\"icon-box-widget style_six d_flex trans\">  \n             \n                                                                <div class=\"icon trans mb_10\">\n                            <span class=\"trimprim-farming-tool-13 trans\"><\/span>\n                        <\/div>\n                                                     \n                            <div class=\"content\">\n                                                <div class=\"title font-22 color-dark mb_10\">\n                    Po okresie foch\u00f3w ze strony tej wspania\u0142ej ro\u015blin nast\u0105pi\u0142 okres harmonijnej wsp\u00f3\u0142pracy. \n                    <\/div>\n                             \n                                    <p class=\"text-16 desc mb_0\">Obecnie dzi\u0119ki do\u015bwiadczeniu przy pracy z bor\u00f3wk\u0105, mo\u017cemy zaoferowa\u0107 naszym klientom starannie wyselekcjonowane krzewy doskona\u0142ej jako\u015bci, dost\u0119pne w wielu odmianach i w r\u00f3\u017cnym wieku. Nasze krzewy da\u0142y pocz\u0105tek wielu plantacjom owocowym, ciesz\u0105 si\u0119 tak\u017ce uznaniem dzia\u0142kowc\u00f3w.<\/p>\n                 \n                <\/div>\n        <\/div> \n                                \t\t\t\t<\/div>\n\t\t\t\t<\/div>\n\t\t\t\t<div class=\"elementor-element elementor-element-9aee2e9 elementor-widget elementor-widget-trimprim-icon-box-widget-v1\" data-id=\"9aee2e9\" data-element_type=\"widget\" data-widget_type=\"trimprim-icon-box-widget-v1.default\">\n\t\t\t\t<div class=\"elementor-widget-container\">\n\t\t\t\t\t                            <div class=\"icon-box-widget style_six d_flex trans\">  \n             \n                                                                <div class=\"icon trans mb_10\">\n                            <span class=\"trimprim-bags-shopping trans\"><\/span>\n                        <\/div>\n                                                     \n                            <div class=\"content\">\n                                                <div class=\"title font-22 color-dark mb_10\">\n                    W szk\u00f3\u0142ce mo\u017cna kupi\u0107 ro\u015bliny zar\u00f3wno hurtowo jak i detalicznie.\nZapraszamy do zapoznania si\u0119 z tre\u015bci\u0105 serwisu. \n                    <\/div>\n                             \n                 \n                <\/div>\n        <\/div> \n                                \t\t\t\t<\/div>\n\t\t\t\t<\/div>\n\t\t\t\t<\/div>\n\t\t\t\t\t<\/div>\n\t\t\t\t<\/div>\n\t\t\t\t<\/div>","protected":false},"excerpt":{"rendered":"<p>Oceny Google 4.7 Star Star Star Star Star Szk\u00f3\u0142ka drzew i krzew\u00f3w Z\u0141OTA JAGODA Pragniemy przedstawi\u0107 Pa\u0144stwu ofert\u0119 naszej Szk\u00f3\u0142ki zajmuj\u0105cej si\u0119 produkcj\u0105 ro\u015blin jagodowych. Sztandarowym produktem szk\u00f3\u0142ki jest bor\u00f3wka wysoka (ameryka\u0144ska), z rodzaju Vaccinium produkujemy jeszcze bor\u00f3wk\u0119 nisk\u0105 (kanadyjsk\u0105), \u017curawin\u0119 wielkoowocow\u0105 i bor\u00f3wk\u0119 brusznic\u0119. Z innych jagodowych: jagod\u0119 kamczack\u0105, winoro\u015bl, kiwi. &#8222;Podwaliny szk\u00f3\u0142ki po\u0142o\u017cy\u0142 [&hellip;]<\/p>","protected":false},"author":1,"featured_media":0,"parent":0,"menu_order":0,"comment_status":"closed","ping_status":"closed","template":"template-fullwidth.php","meta":{"footnotes":""},"class_list":["post-8821","page","type-page","status-publish","hentry"],"yoast_head":"<!-- This site is optimized with the Yoast SEO plugin v25.9 - https:\/\/yoast.com\/wordpress\/plugins\/seo\/ -->\n<title>O nas - Z\u0142ota Jagoda<\/title>\n<meta name=\"robots\" content=\"index, follow, max-snippet:-1, max-image-preview:large, max-video-preview:-1\" \/>\n<link rel=\"canonical\" href=\"https:\/\/borowka.pl\/en\/o-nas\/\" \/>\n<meta property=\"og:locale\" content=\"en_GB\" \/>\n<meta property=\"og:type\" content=\"article\" \/>\n<meta property=\"og:title\" content=\"O nas - Z\u0142ota Jagoda\" \/>\n<meta property=\"og:description\" content=\"Oceny Google 4.7 Star Star Star Star Star Szk\u00f3\u0142ka drzew i krzew\u00f3w Z\u0141OTA JAGODA Pragniemy przedstawi\u0107 Pa\u0144stwu ofert\u0119 naszej Szk\u00f3\u0142ki zajmuj\u0105cej si\u0119 produkcj\u0105 ro\u015blin jagodowych. Sztandarowym produktem szk\u00f3\u0142ki jest bor\u00f3wka wysoka (ameryka\u0144ska), z rodzaju Vaccinium produkujemy jeszcze bor\u00f3wk\u0119 nisk\u0105 (kanadyjsk\u0105), \u017curawin\u0119 wielkoowocow\u0105 i bor\u00f3wk\u0119 brusznic\u0119. Z innych jagodowych: jagod\u0119 kamczack\u0105, winoro\u015bl, kiwi. &#8222;Podwaliny szk\u00f3\u0142ki po\u0142o\u017cy\u0142 [&hellip;]\" \/>\n<meta property=\"og:url\" content=\"https:\/\/borowka.pl\/en\/o-nas\/\" \/>\n<meta property=\"og:site_name\" content=\"Z\u0142ota Jagoda\" \/>\n<meta property=\"article:modified_time\" content=\"2025-03-20T15:44:21+00:00\" \/>\n<meta property=\"og:image\" content=\"https:\/\/dev.grupago.pl\/wp-content\/uploads\/2025\/03\/blue-berries-4352156_1280-1024x682.jpg\" \/>\n<meta name=\"twitter:card\" content=\"summary_large_image\" \/>\n<meta name=\"twitter:label1\" content=\"Estimated reading time\" \/>\n\t<meta name=\"twitter:data1\" content=\"1 minute\" \/>\n<script type=\"application\/ld+json\" class=\"yoast-schema-graph\">{\"@context\":\"https:\/\/schema.org\",\"@graph\":[{\"@type\":\"WebPage\",\"@id\":\"https:\/\/borowka.pl\/o-nas\/\",\"url\":\"https:\/\/borowka.pl\/o-nas\/\",\"name\":\"O nas - Z\u0142ota Jagoda\",\"isPartOf\":{\"@id\":\"https:\/\/borowka.pl\/#website\"},\"primaryImageOfPage\":{\"@id\":\"https:\/\/borowka.pl\/o-nas\/#primaryimage\"},\"image\":{\"@id\":\"https:\/\/borowka.pl\/o-nas\/#primaryimage\"},\"thumbnailUrl\":\"https:\/\/dev.grupago.pl\/wp-content\/uploads\/2025\/03\/blue-berries-4352156_1280-1024x682.jpg\",\"datePublished\":\"2024-09-03T16:00:43+00:00\",\"dateModified\":\"2025-03-20T15:44:21+00:00\",\"breadcrumb\":{\"@id\":\"https:\/\/borowka.pl\/o-nas\/#breadcrumb\"},\"inLanguage\":\"en-GB\",\"potentialAction\":[{\"@type\":\"ReadAction\",\"target\":[\"https:\/\/borowka.pl\/o-nas\/\"]}]},{\"@type\":\"ImageObject\",\"inLanguage\":\"en-GB\",\"@id\":\"https:\/\/borowka.pl\/o-nas\/#primaryimage\",\"url\":\"https:\/\/dev.grupago.pl\/wp-content\/uploads\/2025\/03\/blue-berries-4352156_1280-1024x682.jpg\",\"contentUrl\":\"https:\/\/dev.grupago.pl\/wp-content\/uploads\/2025\/03\/blue-berries-4352156_1280-1024x682.jpg\"},{\"@type\":\"BreadcrumbList\",\"@id\":\"https:\/\/borowka.pl\/o-nas\/#breadcrumb\",\"itemListElement\":[{\"@type\":\"ListItem\",\"position\":1,\"name\":\"Strona g\u0142\u00f3wna\",\"item\":\"https:\/\/borowka.pl\/\"},{\"@type\":\"ListItem\",\"position\":2,\"name\":\"O nas\"}]},{\"@type\":\"WebSite\",\"@id\":\"https:\/\/borowka.pl\/#website\",\"url\":\"https:\/\/borowka.pl\/\",\"name\":\"Z\u0142ota Jagoda\",\"description\":\"Szk\u00f3\u0142ka drzew i krzew\u00f3w\",\"potentialAction\":[{\"@type\":\"SearchAction\",\"target\":{\"@type\":\"EntryPoint\",\"urlTemplate\":\"https:\/\/borowka.pl\/?s={search_term_string}\"},\"query-input\":{\"@type\":\"PropertyValueSpecification\",\"valueRequired\":true,\"valueName\":\"search_term_string\"}}],\"inLanguage\":\"en-GB\"}]}<\/script>\n<!-- \/ Yoast SEO plugin. -->","yoast_head_json":{"title":"O nas - Z\u0142ota Jagoda","robots":{"index":"index","follow":"follow","max-snippet":"max-snippet:-1","max-image-preview":"max-image-preview:large","max-video-preview":"max-video-preview:-1"},"canonical":"https:\/\/borowka.pl\/en\/o-nas\/","og_locale":"en_GB","og_type":"article","og_title":"O nas - Z\u0142ota Jagoda","og_description":"Oceny Google 4.7 Star Star Star Star Star Szk\u00f3\u0142ka drzew i krzew\u00f3w Z\u0141OTA JAGODA Pragniemy przedstawi\u0107 Pa\u0144stwu ofert\u0119 naszej Szk\u00f3\u0142ki zajmuj\u0105cej si\u0119 produkcj\u0105 ro\u015blin jagodowych. Sztandarowym produktem szk\u00f3\u0142ki jest bor\u00f3wka wysoka (ameryka\u0144ska), z rodzaju Vaccinium produkujemy jeszcze bor\u00f3wk\u0119 nisk\u0105 (kanadyjsk\u0105), \u017curawin\u0119 wielkoowocow\u0105 i bor\u00f3wk\u0119 brusznic\u0119. Z innych jagodowych: jagod\u0119 kamczack\u0105, winoro\u015bl, kiwi. &#8222;Podwaliny szk\u00f3\u0142ki po\u0142o\u017cy\u0142 [&hellip;]","og_url":"https:\/\/borowka.pl\/en\/o-nas\/","og_site_name":"Z\u0142ota Jagoda","article_modified_time":"2025-03-20T15:44:21+00:00","og_image":[{"url":"https:\/\/dev.grupago.pl\/wp-content\/uploads\/2025\/03\/blue-berries-4352156_1280-1024x682.jpg","type":"","width":"","height":""}],"twitter_card":"summary_large_image","twitter_misc":{"Estimated reading time":"1 minute"},"schema":{"@context":"https:\/\/schema.org","@graph":[{"@type":"WebPage","@id":"https:\/\/borowka.pl\/o-nas\/","url":"https:\/\/borowka.pl\/o-nas\/","name":"O nas - Z\u0142ota Jagoda","isPartOf":{"@id":"https:\/\/borowka.pl\/#website"},"primaryImageOfPage":{"@id":"https:\/\/borowka.pl\/o-nas\/#primaryimage"},"image":{"@id":"https:\/\/borowka.pl\/o-nas\/#primaryimage"},"thumbnailUrl":"https:\/\/dev.grupago.pl\/wp-content\/uploads\/2025\/03\/blue-berries-4352156_1280-1024x682.jpg","datePublished":"2024-09-03T16:00:43+00:00","dateModified":"2025-03-20T15:44:21+00:00","breadcrumb":{"@id":"https:\/\/borowka.pl\/o-nas\/#breadcrumb"},"inLanguage":"en-GB","potentialAction":[{"@type":"ReadAction","target":["https:\/\/borowka.pl\/o-nas\/"]}]},{"@type":"ImageObject","inLanguage":"en-GB","@id":"https:\/\/borowka.pl\/o-nas\/#primaryimage","url":"https:\/\/dev.grupago.pl\/wp-content\/uploads\/2025\/03\/blue-berries-4352156_1280-1024x682.jpg","contentUrl":"https:\/\/dev.grupago.pl\/wp-content\/uploads\/2025\/03\/blue-berries-4352156_1280-1024x682.jpg"},{"@type":"BreadcrumbList","@id":"https:\/\/borowka.pl\/o-nas\/#breadcrumb","itemListElement":[{"@type":"ListItem","position":1,"name":"Strona g\u0142\u00f3wna","item":"https:\/\/borowka.pl\/"},{"@type":"ListItem","position":2,"name":"O nas"}]},{"@type":"WebSite","@id":"https:\/\/borowka.pl\/#website","url":"https:\/\/borowka.pl\/","name":"Z\u0142ota Jagoda","description":"Tree and shrub nursery","potentialAction":[{"@type":"SearchAction","target":{"@type":"EntryPoint","urlTemplate":"https:\/\/borowka.pl\/?s={search_term_string}"},"query-input":{"@type":"PropertyValueSpecification","valueRequired":true,"valueName":"search_term_string"}}],"inLanguage":"en-GB"}]}},"_links":{"self":[{"href":"https:\/\/borowka.pl\/en\/wp-json\/wp\/v2\/pages\/8821","targetHints":{"allow":["GET"]}}],"collection":[{"href":"https:\/\/borowka.pl\/en\/wp-json\/wp\/v2\/pages"}],"about":[{"href":"https:\/\/borowka.pl\/en\/wp-json\/wp\/v2\/types\/page"}],"author":[{"embeddable":true,"href":"https:\/\/borowka.pl\/en\/wp-json\/wp\/v2\/users\/1"}],"replies":[{"embeddable":true,"href":"https:\/\/borowka.pl\/en\/wp-json\/wp\/v2\/comments?post=8821"}],"version-history":[{"count":11,"href":"https:\/\/borowka.pl\/en\/wp-json\/wp\/v2\/pages\/8821\/revisions"}],"predecessor-version":[{"id":10619,"href":"https:\/\/borowka.pl\/en\/wp-json\/wp\/v2\/pages\/8821\/revisions\/10619"}],"wp:attachment":[{"href":"https:\/\/borowka.pl\/en\/wp-json\/wp\/v2\/media?parent=8821"}],"curies":[{"name":"wp","href":"https:\/\/api.w.org\/{rel}","templated":true}]}}