{"id":8830,"date":"2024-09-03T16:02:01","date_gmt":"2024-09-03T16:02:01","guid":{"rendered":"https:\/\/lawnshaper.themepanthers.com\/v1\/?page_id=8830"},"modified":"2025-03-27T12:41:26","modified_gmt":"2025-03-27T12:41:26","slug":"kontakt","status":"publish","type":"page","link":"https:\/\/borowka.pl\/en\/kontakt\/","title":{"rendered":"Contact"},"content":{"rendered":"<div data-elementor-type=\"wp-page\" data-elementor-id=\"8830\" class=\"elementor elementor-8830\">\n\t\t\t\t<div class=\"elementor-element elementor-element-3f149dc e-flex e-con-boxed e-con e-parent\" data-id=\"3f149dc\" data-element_type=\"container\">\n\t\t\t\t\t<div class=\"e-con-inner\">\n\t\t<div class=\"elementor-element elementor-element-9ef7e84 e-con-full e-flex e-con e-child\" data-id=\"9ef7e84\" data-element_type=\"container\">\n\t\t<div class=\"elementor-element elementor-element-31c33ea e-con-full e-flex e-con e-child\" data-id=\"31c33ea\" data-element_type=\"container\" data-settings=\"{&quot;background_background&quot;:&quot;classic&quot;}\">\n\t\t\t\t<div class=\"elementor-element elementor-element-bad4d78 elementor-widget elementor-widget-trimprim-icon-v1\" data-id=\"bad4d78\" data-element_type=\"widget\" data-widget_type=\"trimprim-icon-v1.default\">\n\t\t\t\t<div class=\"elementor-widget-container\">\n\t\t\t\t\t                     <div class=\"iconbx d-inline-flex\">\n                                                                <div class=\"icon\">\n                            <span class=\"trimprim-maps\"><\/span>\n                        <\/div>\n                                                            <\/div>\n        \t\t\t\t<\/div>\n\t\t\t\t<\/div>\n\t\t\t\t<div class=\"elementor-element elementor-element-b41d427 elementor-widget elementor-widget-trimprim-extra-items-v1\" data-id=\"b41d427\" data-element_type=\"widget\" data-widget_type=\"trimprim-extra-items-v1.default\">\n\t\t\t\t<div class=\"elementor-widget-container\">\n\t\t\t\t\t  \n    <div class=\"header_contact type_one address d_flex align-items-center\">\n            <div class=\"content\">\n                    <span class=\"text-16 color-dark\">Address: <\/span>\n                            <p class=\"font-16\"> Szk\u00f3\u0142ka \"Z\u0142ota Jagoda\"<br>\n\nRenata i Krzysztof Botul\n<br>Z\u0142ota 133<br>\n96-130 G\u0142uch\u00f3w <\/p>\n            <\/div>\n<\/div>\n\t\t\t\t<\/div>\n\t\t\t\t<\/div>\n\t\t\t\t<\/div>\n\t\t<div class=\"elementor-element elementor-element-dd9b666 e-con-full e-flex e-con e-child\" data-id=\"dd9b666\" data-element_type=\"container\" data-settings=\"{&quot;background_background&quot;:&quot;classic&quot;}\">\n\t\t\t\t<div class=\"elementor-element elementor-element-00576a7 elementor-widget elementor-widget-trimprim-icon-v1\" data-id=\"00576a7\" data-element_type=\"widget\" data-widget_type=\"trimprim-icon-v1.default\">\n\t\t\t\t<div class=\"elementor-widget-container\">\n\t\t\t\t\t                    <div class=\"iconbx d-inline-flex\">\n                                                                <div class=\"icon\">\n                            <span class=\"trimprim-phone-call1\"><\/span>\n                        <\/div>\n                                                            <\/div>\n        \t\t\t\t<\/div>\n\t\t\t\t<\/div>\n\t\t\t\t<div class=\"elementor-element elementor-element-268e09f elementor-widget elementor-widget-trimprim-extra-items-v1\" data-id=\"268e09f\" data-element_type=\"widget\" data-widget_type=\"trimprim-extra-items-v1.default\">\n\t\t\t\t<div class=\"elementor-widget-container\">\n\t\t\t\t\t \n    <div class=\"header_contact type_one d_flex align-items-center\">\n            <div class=\"content\">\n                    <span class=\"text-16 color-dark\">Have a question? Call us: <\/span>\n                            <a href=\"tel:+48 692424142\" class=\"font-16\"> +48 692424142 <\/a>\n            <\/div>\n<\/div>\n\t\t\t\t<\/div>\n\t\t\t\t<\/div>\n\t\t\t\t<div class=\"elementor-element elementor-element-b5aab11 elementor-widget elementor-widget-trimprim-extra-items-v1\" data-id=\"b5aab11\" data-element_type=\"widget\" data-widget_type=\"trimprim-extra-items-v1.default\">\n\t\t\t\t<div class=\"elementor-widget-container\">\n\t\t\t\t\t \n    <div class=\"header_contact type_one d_flex align-items-center\">\n            <div class=\"content\">\n                            <a href=\"tel:+48 602427144\" class=\"font-16\"> +48 602427144 <\/a>\n            <\/div>\n<\/div>\n\t\t\t\t<\/div>\n\t\t\t\t<\/div>\n\t\t\t\t<\/div>\n\t\t<div class=\"elementor-element elementor-element-8e2dcfc e-con-full e-flex e-con e-child\" data-id=\"8e2dcfc\" data-element_type=\"container\" data-settings=\"{&quot;background_background&quot;:&quot;classic&quot;}\">\n\t\t\t\t<div class=\"elementor-element elementor-element-04680d8 elementor-widget elementor-widget-trimprim-icon-v1\" data-id=\"04680d8\" data-element_type=\"widget\" data-widget_type=\"trimprim-icon-v1.default\">\n\t\t\t\t<div class=\"elementor-widget-container\">\n\t\t\t\t\t                    <div class=\"iconbx d-inline-flex\">\n                                                                <div class=\"icon\">\n                            <span class=\"trimprim-email1\"><\/span>\n                        <\/div>\n                                                            <\/div>\n        \t\t\t\t<\/div>\n\t\t\t\t<\/div>\n\t\t\t\t<div class=\"elementor-element elementor-element-28becf4 elementor-widget elementor-widget-trimprim-extra-items-v1\" data-id=\"28becf4\" data-element_type=\"widget\" data-widget_type=\"trimprim-extra-items-v1.default\">\n\t\t\t\t<div class=\"elementor-widget-container\">\n\t\t\t\t\t \n    <div class=\"header_contact type_one d_flex align-items-center\">\n            <div class=\"content\">\n                    <span class=\"text-16 color-dark\">E-mail: <\/span>\n                            <a href=\"mailto:poczta@borowka.pl\"  class=\"font-16\"> poczta@borowka.pl <\/a>\n            <\/div>\n<\/div>\n\t\t\t\t<\/div>\n\t\t\t\t<\/div>\n\t\t\t\t<\/div>\n\t\t\t\t<\/div>\n\t\t<div class=\"elementor-element elementor-element-0ca53b5 e-con-full e-flex e-con e-child\" data-id=\"0ca53b5\" data-element_type=\"container\" data-settings=\"{&quot;background_background&quot;:&quot;classic&quot;}\">\n\t\t\t\t<div class=\"elementor-element elementor-element-07d6cc4 elementor-widget elementor-widget-trimprim-title-v1\" data-id=\"07d6cc4\" data-element_type=\"widget\" data-widget_type=\"trimprim-title-v1.default\">\n\t\t\t\t<div class=\"elementor-widget-container\">\n\t\t\t\t\t \r\n<div class=\"title_all_box d_flex style_one dark_color\">\r\n                <h2 class=\"font-48 animated-title mb_15\"><span>Contact Form<span><\/h2>\r\n                    <p class=\"text-16 mb_0\">\n<\/p>\r\n    <\/div>\r\n\t\t\t\t<\/div>\n\t\t\t\t<\/div>\n\t\t\t\t<div class=\"elementor-element elementor-element-c764047 elementor-widget elementor-widget-trimprim-contact-form-v1\" data-id=\"c764047\" data-element_type=\"widget\" data-widget_type=\"trimprim-contact-form-v1.default\">\n\t\t\t\t<div class=\"elementor-widget-container\">\n\t\t\t\t\t<section class=\"contact_form_box_all\"> \n                        \n<div class=\"wpcf7 no-js\" id=\"wpcf7-f3687-o1\" lang=\"en-US\" dir=\"ltr\" data-wpcf7-id=\"3687\">\n<div class=\"screen-reader-response\"><p role=\"status\" aria-live=\"polite\" aria-atomic=\"true\"><\/p> <ul><\/ul><\/div>\n<form action=\"\/en\/wp-json\/wp\/v2\/pages\/8830#wpcf7-f3687-o1\" method=\"post\" class=\"wpcf7-form init\" aria-label=\"Contact form\" novalidate=\"novalidate\" data-status=\"init\" data-trp-original-action=\"\/en\/wp-json\/wp\/v2\/pages\/8830#wpcf7-f3687-o1\">\n<fieldset class=\"hidden-fields-container\"><input type=\"hidden\" name=\"_wpcf7\" value=\"3687\" \/><input type=\"hidden\" name=\"_wpcf7_version\" value=\"6.1.1\" \/><input type=\"hidden\" name=\"_wpcf7_locale\" value=\"en_US\" \/><input type=\"hidden\" name=\"_wpcf7_unit_tag\" value=\"wpcf7-f3687-o1\" \/><input type=\"hidden\" name=\"_wpcf7_container_post\" value=\"0\" \/><input type=\"hidden\" name=\"_wpcf7_posted_data_hash\" value=\"\" \/>\n<\/fieldset>\n<p><label><br \/>\n<span class=\"wpcf7-form-control-wrap\" data-name=\"imie-nazwisko\"><input size=\"40\" maxlength=\"400\" class=\"wpcf7-form-control wpcf7-text wpcf7-validates-as-required\" autocomplete=\"name\" aria-required=\"true\" aria-invalid=\"false\" placeholder=\"First and Last Name\" value=\"\" type=\"text\" name=\"imie-nazwisko\" \/><\/span> <\/label>\n<\/p>\n<p><label><br \/>\n<span class=\"wpcf7-form-control-wrap\" data-name=\"nazwa-firmy\"><input size=\"40\" maxlength=\"400\" class=\"wpcf7-form-control wpcf7-text\" aria-invalid=\"false\" placeholder=\"Company Name\" value=\"\" type=\"text\" name=\"nazwa-firmy\" \/><\/span> <\/label>\n<\/p>\n<p><label><br \/>\n<span class=\"wpcf7-form-control-wrap\" data-name=\"email-888\"><input size=\"40\" maxlength=\"400\" class=\"wpcf7-form-control wpcf7-email wpcf7-validates-as-required wpcf7-text wpcf7-validates-as-email\" aria-required=\"true\" aria-invalid=\"false\" placeholder=\"Email Address\" value=\"\" type=\"email\" name=\"email-888\" \/><\/span> <\/label>\n<\/p>\n<p><label><br \/>\n<span class=\"wpcf7-form-control-wrap\" data-name=\"tel-658\"><input size=\"40\" maxlength=\"400\" class=\"wpcf7-form-control wpcf7-tel wpcf7-validates-as-required wpcf7-text wpcf7-validates-as-tel\" aria-required=\"true\" aria-invalid=\"false\" placeholder=\"Contact Phone Number\" value=\"\" type=\"tel\" name=\"tel-658\" \/><\/span><br \/>\n<\/label><br \/>\n<span id=\"wpcf7-69e31b7ec2dea-wrapper\" class=\"wpcf7-form-control-wrap honeytrap-wrap\" style=\"display:none !important; visibility:hidden !important;\"><input type=\"hidden\" name=\"honeytrap-time-start\" value=\"1776491390\"><input type=\"hidden\" name=\"honeytrap-time-check\" value=\"5\"><label for=\"wpcf7-69e31b7ec2dea-field\" class=\"hp-message\">Please leave this field empty.<\/label><input id=\"wpcf7-69e31b7ec2dea-field\"  placeholder=\"Bor\u00f3wka\"  class=\"wpcf7-form-control wpcf7-text\" type=\"text\" name=\"honeytrap\" value=\"\" size=\"40\" tabindex=\"-1\" autocomplete=\"new-password\" \/><\/span><br \/>\n<label><br \/>\n<span class=\"wpcf7-form-control-wrap\" data-name=\"textarea-843\"><textarea cols=\"40\" rows=\"10\" maxlength=\"2000\" class=\"wpcf7-form-control wpcf7-textarea wpcf7-validates-as-required\" aria-required=\"true\" aria-invalid=\"false\" placeholder=\"Message Content\" name=\"textarea-843\"><\/textarea><\/span> <\/label>\n<\/p>\n<p><input class=\"wpcf7-form-control wpcf7-submit has-spinner\" type=\"submit\" value=\"Send\" \/>\n<\/p><div class=\"wpcf7-response-output\" aria-hidden=\"true\"><\/div>\n<input type=\"hidden\" name=\"trp-form-language\" value=\"en\"\/><\/form>\n<\/div>\n            <\/section> \n\t\t\t\t<\/div>\n\t\t\t\t<\/div>\n\t\t\t\t<\/div>\n\t\t\t\t\t<\/div>\n\t\t\t\t<\/div>\n\t\t<div class=\"elementor-element elementor-element-7bc7519 e-flex e-con-boxed e-con e-parent\" data-id=\"7bc7519\" data-element_type=\"container\">\n\t\t\t\t\t<div class=\"e-con-inner\">\n\t\t\t\t<div class=\"elementor-element elementor-element-d87410e elementor-widget elementor-widget-html\" data-id=\"d87410e\" data-element_type=\"widget\" data-widget_type=\"html.default\">\n\t\t\t\t<div class=\"elementor-widget-container\">\n\t\t\t\t\t<iframe src=\"https:\/\/www.google.com\/maps\/embed?pb=!1m18!1m12!1m3!1d617.1811619998941!2d20.124173430501315!3d51.7746408!2m3!1f0!2f0!3f0!3m2!1i1024!2i768!4f13.1!3m3!1m2!1s0x47197ba8c42a81d9%3A0x6bfb9e2b1d53fb8d!2zU3prw7PFgmthIERyemV3IGkgS3J6ZXfDs3cgWsWCb3RhIEphZ29kYQ!5e0!3m2!1spl!2spl!4v1742475026406!5m2!1spl!2spl\" width=\"600\" height=\"450\" style=\"border:0;\" allowfullscreen=\"\" loading=\"lazy\" referrerpolicy=\"no-referrer-when-downgrade\"><\/iframe>\t\t\t\t<\/div>\n\t\t\t\t<\/div>\n\t\t\t\t\t<\/div>\n\t\t\t\t<\/div>\n\t\t\t\t<\/div>","protected":false},"excerpt":{"rendered":"<p>Adres: Szk\u00f3\u0142ka &#8222;Z\u0142ota Jagoda&#8221; Renata i Krzysztof Botul Z\u0142ota 133 96-130 G\u0142uch\u00f3w Masz pytanie? Zadzwo\u0144: +48 692424142 +48 602427144 E-mail: poczta@borowka.pl Formularz kontaktowy Please leave this field empty.<\/p>","protected":false},"author":1,"featured_media":0,"parent":0,"menu_order":0,"comment_status":"closed","ping_status":"closed","template":"template-fullwidth.php","meta":{"footnotes":""},"class_list":["post-8830","page","type-page","status-publish","hentry"],"yoast_head":"<!-- This site is optimized with the Yoast SEO plugin v25.9 - https:\/\/yoast.com\/wordpress\/plugins\/seo\/ -->\n<title>Kontakt - Z\u0142ota Jagoda<\/title>\n<meta name=\"robots\" content=\"index, follow, max-snippet:-1, max-image-preview:large, max-video-preview:-1\" \/>\n<link rel=\"canonical\" href=\"https:\/\/borowka.pl\/en\/kontakt\/\" \/>\n<meta property=\"og:locale\" content=\"en_GB\" \/>\n<meta property=\"og:type\" content=\"article\" \/>\n<meta property=\"og:title\" content=\"Kontakt - Z\u0142ota Jagoda\" \/>\n<meta property=\"og:description\" content=\"Adres: Szk\u00f3\u0142ka &#8222;Z\u0142ota Jagoda&#8221; Renata i Krzysztof Botul Z\u0142ota 133 96-130 G\u0142uch\u00f3w Masz pytanie? Zadzwo\u0144: +48 692424142 +48 602427144 E-mail: poczta@borowka.pl Formularz kontaktowy Please leave this field empty.\" \/>\n<meta property=\"og:url\" content=\"https:\/\/borowka.pl\/en\/kontakt\/\" \/>\n<meta property=\"og:site_name\" content=\"Z\u0142ota Jagoda\" \/>\n<meta property=\"article:modified_time\" content=\"2025-03-27T12:41:26+00:00\" \/>\n<meta name=\"twitter:card\" content=\"summary_large_image\" \/>\n<script type=\"application\/ld+json\" class=\"yoast-schema-graph\">{\"@context\":\"https:\/\/schema.org\",\"@graph\":[{\"@type\":\"WebPage\",\"@id\":\"https:\/\/borowka.pl\/kontakt\/\",\"url\":\"https:\/\/borowka.pl\/kontakt\/\",\"name\":\"Kontakt - Z\u0142ota Jagoda\",\"isPartOf\":{\"@id\":\"https:\/\/borowka.pl\/#website\"},\"datePublished\":\"2024-09-03T16:02:01+00:00\",\"dateModified\":\"2025-03-27T12:41:26+00:00\",\"breadcrumb\":{\"@id\":\"https:\/\/borowka.pl\/kontakt\/#breadcrumb\"},\"inLanguage\":\"en-GB\",\"potentialAction\":[{\"@type\":\"ReadAction\",\"target\":[\"https:\/\/borowka.pl\/kontakt\/\"]}]},{\"@type\":\"BreadcrumbList\",\"@id\":\"https:\/\/borowka.pl\/kontakt\/#breadcrumb\",\"itemListElement\":[{\"@type\":\"ListItem\",\"position\":1,\"name\":\"Strona g\u0142\u00f3wna\",\"item\":\"https:\/\/borowka.pl\/\"},{\"@type\":\"ListItem\",\"position\":2,\"name\":\"Kontakt\"}]},{\"@type\":\"WebSite\",\"@id\":\"https:\/\/borowka.pl\/#website\",\"url\":\"https:\/\/borowka.pl\/\",\"name\":\"Z\u0142ota Jagoda\",\"description\":\"Szk\u00f3\u0142ka drzew i krzew\u00f3w\",\"potentialAction\":[{\"@type\":\"SearchAction\",\"target\":{\"@type\":\"EntryPoint\",\"urlTemplate\":\"https:\/\/borowka.pl\/?s={search_term_string}\"},\"query-input\":{\"@type\":\"PropertyValueSpecification\",\"valueRequired\":true,\"valueName\":\"search_term_string\"}}],\"inLanguage\":\"en-GB\"}]}<\/script>\n<!-- \/ Yoast SEO plugin. -->","yoast_head_json":{"title":"Kontakt - Z\u0142ota Jagoda","robots":{"index":"index","follow":"follow","max-snippet":"max-snippet:-1","max-image-preview":"max-image-preview:large","max-video-preview":"max-video-preview:-1"},"canonical":"https:\/\/borowka.pl\/en\/kontakt\/","og_locale":"en_GB","og_type":"article","og_title":"Kontakt - Z\u0142ota Jagoda","og_description":"Adres: Szk\u00f3\u0142ka &#8222;Z\u0142ota Jagoda&#8221; Renata i Krzysztof Botul Z\u0142ota 133 96-130 G\u0142uch\u00f3w Masz pytanie? Zadzwo\u0144: +48 692424142 +48 602427144 E-mail: poczta@borowka.pl Formularz kontaktowy Please leave this field empty.","og_url":"https:\/\/borowka.pl\/en\/kontakt\/","og_site_name":"Z\u0142ota Jagoda","article_modified_time":"2025-03-27T12:41:26+00:00","twitter_card":"summary_large_image","schema":{"@context":"https:\/\/schema.org","@graph":[{"@type":"WebPage","@id":"https:\/\/borowka.pl\/kontakt\/","url":"https:\/\/borowka.pl\/kontakt\/","name":"Kontakt - Z\u0142ota Jagoda","isPartOf":{"@id":"https:\/\/borowka.pl\/#website"},"datePublished":"2024-09-03T16:02:01+00:00","dateModified":"2025-03-27T12:41:26+00:00","breadcrumb":{"@id":"https:\/\/borowka.pl\/kontakt\/#breadcrumb"},"inLanguage":"en-GB","potentialAction":[{"@type":"ReadAction","target":["https:\/\/borowka.pl\/kontakt\/"]}]},{"@type":"BreadcrumbList","@id":"https:\/\/borowka.pl\/kontakt\/#breadcrumb","itemListElement":[{"@type":"ListItem","position":1,"name":"Strona g\u0142\u00f3wna","item":"https:\/\/borowka.pl\/"},{"@type":"ListItem","position":2,"name":"Kontakt"}]},{"@type":"WebSite","@id":"https:\/\/borowka.pl\/#website","url":"https:\/\/borowka.pl\/","name":"Z\u0142ota Jagoda","description":"Tree and shrub nursery","potentialAction":[{"@type":"SearchAction","target":{"@type":"EntryPoint","urlTemplate":"https:\/\/borowka.pl\/?s={search_term_string}"},"query-input":{"@type":"PropertyValueSpecification","valueRequired":true,"valueName":"search_term_string"}}],"inLanguage":"en-GB"}]}},"_links":{"self":[{"href":"https:\/\/borowka.pl\/en\/wp-json\/wp\/v2\/pages\/8830","targetHints":{"allow":["GET"]}}],"collection":[{"href":"https:\/\/borowka.pl\/en\/wp-json\/wp\/v2\/pages"}],"about":[{"href":"https:\/\/borowka.pl\/en\/wp-json\/wp\/v2\/types\/page"}],"author":[{"embeddable":true,"href":"https:\/\/borowka.pl\/en\/wp-json\/wp\/v2\/users\/1"}],"replies":[{"embeddable":true,"href":"https:\/\/borowka.pl\/en\/wp-json\/wp\/v2\/comments?post=8830"}],"version-history":[{"count":16,"href":"https:\/\/borowka.pl\/en\/wp-json\/wp\/v2\/pages\/8830\/revisions"}],"predecessor-version":[{"id":10883,"href":"https:\/\/borowka.pl\/en\/wp-json\/wp\/v2\/pages\/8830\/revisions\/10883"}],"wp:attachment":[{"href":"https:\/\/borowka.pl\/en\/wp-json\/wp\/v2\/media?parent=8830"}],"curies":[{"name":"wp","href":"https:\/\/api.w.org\/{rel}","templated":true}]}}