{"id":9313,"date":"2024-09-13T05:10:10","date_gmt":"2024-09-13T05:10:10","guid":{"rendered":"https:\/\/lawnshaper.themepanthers.com\/v1\/?page_id=9313"},"modified":"2025-03-21T16:36:18","modified_gmt":"2025-03-21T16:36:18","slug":"poradniki","status":"publish","type":"page","link":"https:\/\/borowka.pl\/en\/poradniki\/","title":{"rendered":"Tutorials"},"content":{"rendered":"<div data-elementor-type=\"wp-page\" data-elementor-id=\"9313\" class=\"elementor elementor-9313\">\n\t\t\t\t<div class=\"elementor-element elementor-element-43931a8 e-flex e-con-boxed e-con e-parent\" data-id=\"43931a8\" data-element_type=\"container\">\n\t\t\t\t\t<div class=\"e-con-inner\">\n\t\t\t\t<div class=\"elementor-element elementor-element-251d208 elementor-widget elementor-widget-trimprim-blog-grid-v1\" data-id=\"251d208\" data-element_type=\"widget\" data-widget_type=\"trimprim-blog-grid-v1.default\">\n\t\t\t\t<div class=\"elementor-widget-container\">\n\t\t\t\t\t \n<div class=\"grid_view\">\n    <div class=\"row\">\n                   <article class=\"col-xl-4 col-lg-4 col-md-6 col-sm-6  post-10711 post type-post status-publish format-standard has-post-thumbnail hentry category-poradniki\" id=\"post-10711\"> \n                         \n                 <div class=\"cardNews style_four   has_images\">\n                      \n                         <div class=\"image-box\"> \n                             <a href=\"https:\/\/borowka.pl\/en\/brusznica-w-ogrodku\/\" class=\"imgbx img_obj_fit_center trans\">\n                                 <img fetchpriority=\"high\" decoding=\"async\" width=\"670\" height=\"503\" src=\"https:\/\/borowka.pl\/wp-content\/uploads\/2025\/03\/cranberries-2735883_1280.jpg\" class=\"trans wp-post-image\" alt=\"\" srcset=\"https:\/\/borowka.pl\/wp-content\/uploads\/2025\/03\/cranberries-2735883_1280.jpg 1280w, https:\/\/borowka.pl\/wp-content\/uploads\/2025\/03\/cranberries-2735883_1280-300x225.jpg 300w, https:\/\/borowka.pl\/wp-content\/uploads\/2025\/03\/cranberries-2735883_1280-1024x768.jpg 1024w, https:\/\/borowka.pl\/wp-content\/uploads\/2025\/03\/cranberries-2735883_1280-768x576.jpg 768w\" sizes=\"(max-width: 670px) 100vw, 670px\" \/>                             <\/a> \n                               \n                         <\/div>\n                      \n                     <div class=\"cardInfo trans\">    \n                     <div class=\"d-flex meta\">\n                                     \n                                <\/div>\n                         <a href=\"https:\/\/borowka.pl\/en\/brusznica-w-ogrodku\/\" rel=\"bookmark\" class=\"font-20 d-block mb_15 trans trim-2\">Brusznica w ogr\u00f3dku<\/a>      \n                                                         <p class=\"des_cription mb_15\">Bor\u00f3wka brusznica &#8211;\u00a0biologia, uprawa Bor\u00f3wka brusznica, zwana inaczej bor\u00f3wk\u0105 czerwon\u0105, (Vaccinium vitis-idaea), wyst\u0119puje na obrze\u017cach&hellip;<\/p>\n                               \n                            <a class=\"link_btn\" href=\"https:\/\/borowka.pl\/en\/brusznica-w-ogrodku\/\"> \n                                <i class=\"trimprim-clover\"><\/i>\n                                Read More                            <\/a> \n                     <\/div>\n                 <\/div>  \n                        <\/article> \n                   <article class=\"col-xl-4 col-lg-4 col-md-6 col-sm-6  post-10702 post type-post status-publish format-standard has-post-thumbnail hentry category-poradniki\" id=\"post-10702\"> \n                         \n                 <div class=\"cardNews style_four   has_images\">\n                      \n                         <div class=\"image-box\"> \n                             <a href=\"https:\/\/borowka.pl\/en\/zurawinowa-rabata\/\" class=\"imgbx img_obj_fit_center trans\">\n                                 <img decoding=\"async\" width=\"670\" height=\"409\" src=\"https:\/\/borowka.pl\/wp-content\/uploads\/2025\/03\/zurawinowarabata03.jpg\" class=\"trans wp-post-image\" alt=\"\" srcset=\"https:\/\/borowka.pl\/wp-content\/uploads\/2025\/03\/zurawinowarabata03.jpg 909w, https:\/\/borowka.pl\/wp-content\/uploads\/2025\/03\/zurawinowarabata03-300x183.jpg 300w, https:\/\/borowka.pl\/wp-content\/uploads\/2025\/03\/zurawinowarabata03-768x469.jpg 768w\" sizes=\"(max-width: 670px) 100vw, 670px\" \/>                             <\/a> \n                               \n                         <\/div>\n                      \n                     <div class=\"cardInfo trans\">    \n                     <div class=\"d-flex meta\">\n                                     \n                                <\/div>\n                         <a href=\"https:\/\/borowka.pl\/en\/zurawinowa-rabata\/\" rel=\"bookmark\" class=\"font-20 d-block mb_15 trans trim-2\">\u017burawinowa rabata<\/a>      \n                                                         <p class=\"des_cription mb_15\">Uprawa \u017curawiny wielkoowocowej \u017burawina w\u00a0Polsce wyst\u0119puje w\u00a0borach bagiennych i\u00a0na torfowiskach wysokich, jest to \u017curawina bagienna.&hellip;<\/p>\n                               \n                            <a class=\"link_btn\" href=\"https:\/\/borowka.pl\/en\/zurawinowa-rabata\/\"> \n                                <i class=\"trimprim-clover\"><\/i>\n                                Read More                            <\/a> \n                     <\/div>\n                 <\/div>  \n                        <\/article> \n                   <article class=\"col-xl-4 col-lg-4 col-md-6 col-sm-6  post-10695 post type-post status-publish format-standard has-post-thumbnail hentry category-poradniki\" id=\"post-10695\"> \n                         \n                 <div class=\"cardNews style_four   has_images\">\n                      \n                         <div class=\"image-box\"> \n                             <a href=\"https:\/\/borowka.pl\/en\/jagoda-kamczacka\/\" class=\"imgbx img_obj_fit_center trans\">\n                                 <img decoding=\"async\" width=\"650\" height=\"491\" src=\"https:\/\/borowka.pl\/wp-content\/uploads\/2025\/03\/jagodakamczacka02.jpg\" class=\"trans wp-post-image\" alt=\"\" srcset=\"https:\/\/borowka.pl\/wp-content\/uploads\/2025\/03\/jagodakamczacka02.jpg 650w, https:\/\/borowka.pl\/wp-content\/uploads\/2025\/03\/jagodakamczacka02-300x227.jpg 300w\" sizes=\"(max-width: 650px) 100vw, 650px\" \/>                             <\/a> \n                               \n                         <\/div>\n                      \n                     <div class=\"cardInfo trans\">    \n                     <div class=\"d-flex meta\">\n                                     \n                                <\/div>\n                         <a href=\"https:\/\/borowka.pl\/en\/jagoda-kamczacka\/\" rel=\"bookmark\" class=\"font-20 d-block mb_15 trans trim-2\">Jagoda kamczacka<\/a>      \n                                                         <p class=\"des_cription mb_15\">Jagoda kamczacka (Lonicera kamtschatica) Inne nazwy: suchodrzew jadalny, suchodrzew siny (b\u0142\u0119kitny) &#8211; nale\u017cy do rodziny&hellip;<\/p>\n                               \n                            <a class=\"link_btn\" href=\"https:\/\/borowka.pl\/en\/jagoda-kamczacka\/\"> \n                                <i class=\"trimprim-clover\"><\/i>\n                                Read More                            <\/a> \n                     <\/div>\n                 <\/div>  \n                        <\/article> \n                   <article class=\"col-xl-4 col-lg-4 col-md-6 col-sm-6  post-10686 post type-post status-publish format-standard has-post-thumbnail hentry category-poradniki\" id=\"post-10686\"> \n                         \n                 <div class=\"cardNews style_four   has_images\">\n                      \n                         <div class=\"image-box\"> \n                             <a href=\"https:\/\/borowka.pl\/en\/ciecie-krzewow-borowki\/\" class=\"imgbx img_obj_fit_center trans\">\n                                 <img loading=\"lazy\" decoding=\"async\" width=\"416\" height=\"624\" src=\"https:\/\/borowka.pl\/wp-content\/uploads\/2025\/03\/cieciekrzewow05.jpg\" class=\"trans wp-post-image\" alt=\"\" srcset=\"https:\/\/borowka.pl\/wp-content\/uploads\/2025\/03\/cieciekrzewow05.jpg 416w, https:\/\/borowka.pl\/wp-content\/uploads\/2025\/03\/cieciekrzewow05-200x300.jpg 200w\" sizes=\"(max-width: 416px) 100vw, 416px\" \/>                             <\/a> \n                               \n                         <\/div>\n                      \n                     <div class=\"cardInfo trans\">    \n                     <div class=\"d-flex meta\">\n                                     \n                                <\/div>\n                         <a href=\"https:\/\/borowka.pl\/en\/ciecie-krzewow-borowki\/\" rel=\"bookmark\" class=\"font-20 d-block mb_15 trans trim-2\">Ci\u0119cie krzew\u00f3w bor\u00f3wki<\/a>      \n                                                         <p class=\"des_cription mb_15\">Ci\u0119cie m\u0142odych krzew\u00f3w Jednym z pierwszych zabieg\u00f3w agrotechnicznych, jakim poddaje si\u0119 plantacj\u0119, jest ci\u0119cie krzew\u00f3w.&hellip;<\/p>\n                               \n                            <a class=\"link_btn\" href=\"https:\/\/borowka.pl\/en\/ciecie-krzewow-borowki\/\"> \n                                <i class=\"trimprim-clover\"><\/i>\n                                Read More                            <\/a> \n                     <\/div>\n                 <\/div>  \n                        <\/article> \n                   <article class=\"col-xl-4 col-lg-4 col-md-6 col-sm-6  post-10666 post type-post status-publish format-standard has-post-thumbnail hentry category-poradniki\" id=\"post-10666\"> \n                         \n                 <div class=\"cardNews style_four   has_images\">\n                      \n                         <div class=\"image-box\"> \n                             <a href=\"https:\/\/borowka.pl\/en\/plantacja-borowki\/\" class=\"imgbx img_obj_fit_center trans\">\n                                 <img loading=\"lazy\" decoding=\"async\" width=\"670\" height=\"503\" src=\"https:\/\/borowka.pl\/wp-content\/uploads\/2025\/03\/plantacja10.jpg\" class=\"trans wp-post-image\" alt=\"\" srcset=\"https:\/\/borowka.pl\/wp-content\/uploads\/2025\/03\/plantacja10.jpg 909w, https:\/\/borowka.pl\/wp-content\/uploads\/2025\/03\/plantacja10-300x225.jpg 300w, https:\/\/borowka.pl\/wp-content\/uploads\/2025\/03\/plantacja10-768x576.jpg 768w\" sizes=\"(max-width: 670px) 100vw, 670px\" \/>                             <\/a> \n                               \n                         <\/div>\n                      \n                     <div class=\"cardInfo trans\">    \n                     <div class=\"d-flex meta\">\n                                     \n                                <\/div>\n                         <a href=\"https:\/\/borowka.pl\/en\/plantacja-borowki\/\" rel=\"bookmark\" class=\"font-20 d-block mb_15 trans trim-2\">Plantacja bor\u00f3wki<\/a>      \n                                                         <p class=\"des_cription mb_15\">1. Dlaczego bor\u00f3wka? Bor\u00f3wka cieszy si\u0119 du\u017cym zainteresowaniem plantator\u00f3w i\u00a0konsument\u00f3w z\u00a0powodu smacznych, atrakcyjnych jag\u00f3d. Krzewy&hellip;<\/p>\n                               \n                            <a class=\"link_btn\" href=\"https:\/\/borowka.pl\/en\/plantacja-borowki\/\"> \n                                <i class=\"trimprim-clover\"><\/i>\n                                Read More                            <\/a> \n                     <\/div>\n                 <\/div>  \n                        <\/article> \n                   <article class=\"col-xl-4 col-lg-4 col-md-6 col-sm-6  post-10639 post type-post status-publish format-standard has-post-thumbnail hentry category-poradniki\" id=\"post-10639\"> \n                         \n                 <div class=\"cardNews style_four   has_images\">\n                      \n                         <div class=\"image-box\"> \n                             <a href=\"https:\/\/borowka.pl\/en\/borowka-na-dzialce\/\" class=\"imgbx img_obj_fit_center trans\">\n                                 <img loading=\"lazy\" decoding=\"async\" width=\"568\" height=\"546\" src=\"https:\/\/borowka.pl\/wp-content\/uploads\/2025\/03\/borowkanadzialce06.jpg\" class=\"trans wp-post-image\" alt=\"\" srcset=\"https:\/\/borowka.pl\/wp-content\/uploads\/2025\/03\/borowkanadzialce06.jpg 568w, https:\/\/borowka.pl\/wp-content\/uploads\/2025\/03\/borowkanadzialce06-300x288.jpg 300w\" sizes=\"(max-width: 568px) 100vw, 568px\" \/>                             <\/a> \n                               \n                         <\/div>\n                      \n                     <div class=\"cardInfo trans\">    \n                     <div class=\"d-flex meta\">\n                                     \n                                <\/div>\n                         <a href=\"https:\/\/borowka.pl\/en\/borowka-na-dzialce\/\" rel=\"bookmark\" class=\"font-20 d-block mb_15 trans trim-2\">Blueberries in the Garden Plot<\/a>      \n                                                         <p class=\"des_cription mb_15\">Wiele os\u00f3b posiadaj\u0105cych dzia\u0142k\u0119 decyduje si\u0119 na posadzenie krzew\u00f3w bor\u00f3wki. Ro\u015blina ta nie jest trudna&hellip;<\/p>\n                               \n                            <a class=\"link_btn\" href=\"https:\/\/borowka.pl\/en\/borowka-na-dzialce\/\"> \n                                <i class=\"trimprim-clover\"><\/i>\n                                Read More                            <\/a> \n                     <\/div>\n                 <\/div>  \n                        <\/article> \n                                              \n         \n    <\/div>\n            <div class=\"row\">\n            <div class=\"col-lg-12\">\n                <div class=\"pagination_blog pagination-area\"> \n                              \n                <\/div>\n            <\/div>     \n        <\/div> \n      \n<\/div>\n\t\t\t\t<\/div>\n\t\t\t\t<\/div>\n\t\t\t\t\t<\/div>\n\t\t\t\t<\/div>\n\t\t\t\t<\/div>","protected":false},"excerpt":{"rendered":"<p>Bor\u00f3wka na dzia\u0142ce Wiele os\u00f3b posiadaj\u0105cych dzia\u0142k\u0119 decyduje si\u0119 na posadzenie krzew\u00f3w bor\u00f3wki. Ro\u015blina ta nie jest trudna&hellip; Read More<\/p>","protected":false},"author":1,"featured_media":0,"parent":0,"menu_order":0,"comment_status":"closed","ping_status":"closed","template":"template-fullwidth.php","meta":{"footnotes":""},"class_list":["post-9313","page","type-page","status-publish","hentry"],"yoast_head":"<!-- This site is optimized with the Yoast SEO plugin v25.9 - https:\/\/yoast.com\/wordpress\/plugins\/seo\/ -->\n<title>Poradniki - Z\u0142ota Jagoda<\/title>\n<meta name=\"robots\" content=\"index, follow, max-snippet:-1, max-image-preview:large, max-video-preview:-1\" \/>\n<link rel=\"canonical\" href=\"https:\/\/borowka.pl\/en\/poradniki\/\" \/>\n<meta property=\"og:locale\" content=\"en_GB\" \/>\n<meta property=\"og:type\" content=\"article\" \/>\n<meta property=\"og:title\" content=\"Poradniki - Z\u0142ota Jagoda\" \/>\n<meta property=\"og:description\" content=\"Bor\u00f3wka na dzia\u0142ce Wiele os\u00f3b posiadaj\u0105cych dzia\u0142k\u0119 decyduje si\u0119 na posadzenie krzew\u00f3w bor\u00f3wki. Ro\u015blina ta nie jest trudna&hellip; Read More\" \/>\n<meta property=\"og:url\" content=\"https:\/\/borowka.pl\/en\/poradniki\/\" \/>\n<meta property=\"og:site_name\" content=\"Z\u0142ota Jagoda\" \/>\n<meta property=\"article:modified_time\" content=\"2025-03-21T16:36:18+00:00\" \/>\n<meta property=\"og:image\" content=\"https:\/\/dev.grupago.pl\/wp-content\/uploads\/2025\/03\/borowkanadzialce06.jpg\" \/>\n<meta name=\"twitter:card\" content=\"summary_large_image\" \/>\n<script type=\"application\/ld+json\" class=\"yoast-schema-graph\">{\"@context\":\"https:\/\/schema.org\",\"@graph\":[{\"@type\":\"WebPage\",\"@id\":\"https:\/\/borowka.pl\/poradniki\/\",\"url\":\"https:\/\/borowka.pl\/poradniki\/\",\"name\":\"Poradniki - Z\u0142ota Jagoda\",\"isPartOf\":{\"@id\":\"https:\/\/borowka.pl\/#website\"},\"primaryImageOfPage\":{\"@id\":\"https:\/\/borowka.pl\/poradniki\/#primaryimage\"},\"image\":{\"@id\":\"https:\/\/borowka.pl\/poradniki\/#primaryimage\"},\"thumbnailUrl\":\"https:\/\/dev.grupago.pl\/wp-content\/uploads\/2025\/03\/borowkanadzialce06.jpg\",\"datePublished\":\"2024-09-13T05:10:10+00:00\",\"dateModified\":\"2025-03-21T16:36:18+00:00\",\"breadcrumb\":{\"@id\":\"https:\/\/borowka.pl\/poradniki\/#breadcrumb\"},\"inLanguage\":\"en-GB\",\"potentialAction\":[{\"@type\":\"ReadAction\",\"target\":[\"https:\/\/borowka.pl\/poradniki\/\"]}]},{\"@type\":\"ImageObject\",\"inLanguage\":\"en-GB\",\"@id\":\"https:\/\/borowka.pl\/poradniki\/#primaryimage\",\"url\":\"https:\/\/dev.grupago.pl\/wp-content\/uploads\/2025\/03\/borowkanadzialce06.jpg\",\"contentUrl\":\"https:\/\/dev.grupago.pl\/wp-content\/uploads\/2025\/03\/borowkanadzialce06.jpg\"},{\"@type\":\"BreadcrumbList\",\"@id\":\"https:\/\/borowka.pl\/poradniki\/#breadcrumb\",\"itemListElement\":[{\"@type\":\"ListItem\",\"position\":1,\"name\":\"Strona g\u0142\u00f3wna\",\"item\":\"https:\/\/borowka.pl\/\"},{\"@type\":\"ListItem\",\"position\":2,\"name\":\"Poradniki\"}]},{\"@type\":\"WebSite\",\"@id\":\"https:\/\/borowka.pl\/#website\",\"url\":\"https:\/\/borowka.pl\/\",\"name\":\"Z\u0142ota Jagoda\",\"description\":\"Szk\u00f3\u0142ka drzew i krzew\u00f3w\",\"potentialAction\":[{\"@type\":\"SearchAction\",\"target\":{\"@type\":\"EntryPoint\",\"urlTemplate\":\"https:\/\/borowka.pl\/?s={search_term_string}\"},\"query-input\":{\"@type\":\"PropertyValueSpecification\",\"valueRequired\":true,\"valueName\":\"search_term_string\"}}],\"inLanguage\":\"en-GB\"}]}<\/script>\n<!-- \/ Yoast SEO plugin. -->","yoast_head_json":{"title":"Poradniki - Z\u0142ota Jagoda","robots":{"index":"index","follow":"follow","max-snippet":"max-snippet:-1","max-image-preview":"max-image-preview:large","max-video-preview":"max-video-preview:-1"},"canonical":"https:\/\/borowka.pl\/en\/poradniki\/","og_locale":"en_GB","og_type":"article","og_title":"Poradniki - Z\u0142ota Jagoda","og_description":"Bor\u00f3wka na dzia\u0142ce Wiele os\u00f3b posiadaj\u0105cych dzia\u0142k\u0119 decyduje si\u0119 na posadzenie krzew\u00f3w bor\u00f3wki. Ro\u015blina ta nie jest trudna&hellip; Read More","og_url":"https:\/\/borowka.pl\/en\/poradniki\/","og_site_name":"Z\u0142ota Jagoda","article_modified_time":"2025-03-21T16:36:18+00:00","og_image":[{"url":"https:\/\/dev.grupago.pl\/wp-content\/uploads\/2025\/03\/borowkanadzialce06.jpg","type":"","width":"","height":""}],"twitter_card":"summary_large_image","schema":{"@context":"https:\/\/schema.org","@graph":[{"@type":"WebPage","@id":"https:\/\/borowka.pl\/poradniki\/","url":"https:\/\/borowka.pl\/poradniki\/","name":"Poradniki - Z\u0142ota Jagoda","isPartOf":{"@id":"https:\/\/borowka.pl\/#website"},"primaryImageOfPage":{"@id":"https:\/\/borowka.pl\/poradniki\/#primaryimage"},"image":{"@id":"https:\/\/borowka.pl\/poradniki\/#primaryimage"},"thumbnailUrl":"https:\/\/dev.grupago.pl\/wp-content\/uploads\/2025\/03\/borowkanadzialce06.jpg","datePublished":"2024-09-13T05:10:10+00:00","dateModified":"2025-03-21T16:36:18+00:00","breadcrumb":{"@id":"https:\/\/borowka.pl\/poradniki\/#breadcrumb"},"inLanguage":"en-GB","potentialAction":[{"@type":"ReadAction","target":["https:\/\/borowka.pl\/poradniki\/"]}]},{"@type":"ImageObject","inLanguage":"en-GB","@id":"https:\/\/borowka.pl\/poradniki\/#primaryimage","url":"https:\/\/dev.grupago.pl\/wp-content\/uploads\/2025\/03\/borowkanadzialce06.jpg","contentUrl":"https:\/\/dev.grupago.pl\/wp-content\/uploads\/2025\/03\/borowkanadzialce06.jpg"},{"@type":"BreadcrumbList","@id":"https:\/\/borowka.pl\/poradniki\/#breadcrumb","itemListElement":[{"@type":"ListItem","position":1,"name":"Strona g\u0142\u00f3wna","item":"https:\/\/borowka.pl\/"},{"@type":"ListItem","position":2,"name":"Poradniki"}]},{"@type":"WebSite","@id":"https:\/\/borowka.pl\/#website","url":"https:\/\/borowka.pl\/","name":"Z\u0142ota Jagoda","description":"Tree and shrub nursery","potentialAction":[{"@type":"SearchAction","target":{"@type":"EntryPoint","urlTemplate":"https:\/\/borowka.pl\/?s={search_term_string}"},"query-input":{"@type":"PropertyValueSpecification","valueRequired":true,"valueName":"search_term_string"}}],"inLanguage":"en-GB"}]}},"_links":{"self":[{"href":"https:\/\/borowka.pl\/en\/wp-json\/wp\/v2\/pages\/9313","targetHints":{"allow":["GET"]}}],"collection":[{"href":"https:\/\/borowka.pl\/en\/wp-json\/wp\/v2\/pages"}],"about":[{"href":"https:\/\/borowka.pl\/en\/wp-json\/wp\/v2\/types\/page"}],"author":[{"embeddable":true,"href":"https:\/\/borowka.pl\/en\/wp-json\/wp\/v2\/users\/1"}],"replies":[{"embeddable":true,"href":"https:\/\/borowka.pl\/en\/wp-json\/wp\/v2\/comments?post=9313"}],"version-history":[{"count":6,"href":"https:\/\/borowka.pl\/en\/wp-json\/wp\/v2\/pages\/9313\/revisions"}],"predecessor-version":[{"id":10720,"href":"https:\/\/borowka.pl\/en\/wp-json\/wp\/v2\/pages\/9313\/revisions\/10720"}],"wp:attachment":[{"href":"https:\/\/borowka.pl\/en\/wp-json\/wp\/v2\/media?parent=9313"}],"curies":[{"name":"wp","href":"https:\/\/api.w.org\/{rel}","templated":true}]}}